{"id":988415,"date":"2024-11-28T16:18:19","date_gmt":"2024-11-28T16:18:19","guid":{"rendered":"https:\/\/oskinaestheticscenter.com\/?post_type=product&#038;p=988415"},"modified":"2024-12-03T20:08:52","modified_gmt":"2024-12-03T20:08:52","slug":"calendula-cedro-gel-with-bixa-orellana-17-oz","status":"publish","type":"product","link":"https:\/\/oskinaestheticscenter.com\/en\/product\/calendula-cedro-gel-with-bixa-orellana-17-oz\/","title":{"rendered":"Calendula Cedro Gel with Bixa Orellana 17 oz"},"content":{"rendered":"","protected":false},"excerpt":{"rendered":"<p>Este gel est\u00e1 formulado por expertos con fitocarotenoides, microc\u00e1psulas vitam\u00ednicas y fitoactivos para mejorar el proceso de recuperaci\u00f3n de la piel. Act\u00faa como modulador de la inflamaci\u00f3n y descongestionante, lo que lo convierte en el conductor ideal para usar con dispositivos para el cuidado de la piel. Cabe destacar que no contiene colorantes artificiales.<\/p>\n<p>&nbsp;<\/p>\n<p>&nbsp;<\/p>\n<p><a style=\"letter-spacing: var(--vamtam-primary-font-letter-spacing-desktop,normal); text-transform: var(--vamtam-primary-font-transform,none);\" href=\"https:\/\/oskinaestheticscenter.com\/wp-content\/uploads\/2024\/12\/Q10.png\" target=\"_blank\" rel=\"noopener\"><strong>Descargar Ficha T\u00e9cnica<\/strong><\/a><\/p>","protected":false},"featured_media":988416,"template":"","meta":{"_acf_changed":false},"product_cat":[115,109],"product_tag":[],"class_list":{"0":"post-988415","1":"product","2":"type-product","3":"status-publish","4":"has-post-thumbnail","6":"product_cat-linea-corporal","7":"product_cat-clientes","9":"first","10":"instock","11":"shipping-taxable","12":"purchasable","13":"product-type-simple"},"acf":[],"_links":{"self":[{"href":"https:\/\/oskinaestheticscenter.com\/en\/wp-json\/wp\/v2\/product\/988415","targetHints":{"allow":["GET"]}}],"collection":[{"href":"https:\/\/oskinaestheticscenter.com\/en\/wp-json\/wp\/v2\/product"}],"about":[{"href":"https:\/\/oskinaestheticscenter.com\/en\/wp-json\/wp\/v2\/types\/product"}],"version-history":[{"count":5,"href":"https:\/\/oskinaestheticscenter.com\/en\/wp-json\/wp\/v2\/product\/988415\/revisions"}],"predecessor-version":[{"id":989394,"href":"https:\/\/oskinaestheticscenter.com\/en\/wp-json\/wp\/v2\/product\/988415\/revisions\/989394"}],"wp:featuredmedia":[{"embeddable":true,"href":"https:\/\/oskinaestheticscenter.com\/en\/wp-json\/wp\/v2\/media\/988416"}],"wp:attachment":[{"href":"https:\/\/oskinaestheticscenter.com\/en\/wp-json\/wp\/v2\/media?parent=988415"}],"wp:term":[{"taxonomy":"product_cat","embeddable":true,"href":"https:\/\/oskinaestheticscenter.com\/en\/wp-json\/wp\/v2\/product_cat?post=988415"},{"taxonomy":"product_tag","embeddable":true,"href":"https:\/\/oskinaestheticscenter.com\/en\/wp-json\/wp\/v2\/product_tag?post=988415"}],"curies":[{"name":"wp","href":"https:\/\/api.w.org\/{rel}","templated":true}]}}