{"id":988412,"date":"2024-11-28T16:15:48","date_gmt":"2024-11-28T16:15:48","guid":{"rendered":"https:\/\/oskinaestheticscenter.com\/?post_type=product&#038;p=988412"},"modified":"2024-12-03T20:07:38","modified_gmt":"2024-12-03T20:07:38","slug":"phytoreafirmante-aloe-q10-8-8-oz","status":"publish","type":"product","link":"https:\/\/oskinaestheticscenter.com\/en\/product\/phytoreafirmante-aloe-q10-8-8-oz\/","title":{"rendered":"Phytoreafirmante Aloe Q10 8.8 oz"},"content":{"rendered":"","protected":false},"excerpt":{"rendered":"<p>Es ideal para la flacidez cr\u00edtica causada por el envejecimiento, crema intensiva para una hidrataci\u00f3n profunda y tonificaci\u00f3n, especialmente para la zona del pecho.<\/p>\n<p>&nbsp;<\/p>\n<p>&nbsp;<\/p>\n<p><a style=\"letter-spacing: var(--vamtam-primary-font-letter-spacing-desktop,normal); text-transform: var(--vamtam-primary-font-transform,none);\" href=\"https:\/\/oskinaestheticscenter.com\/wp-content\/uploads\/2024\/12\/Q10.png\" target=\"_blank\" rel=\"noopener\"><strong>Descargar Ficha T\u00e9cnica<\/strong><\/a><\/p>","protected":false},"featured_media":988413,"template":"","meta":{"_acf_changed":false},"product_cat":[115,109],"product_tag":[],"class_list":{"0":"post-988412","1":"product","2":"type-product","3":"status-publish","4":"has-post-thumbnail","6":"product_cat-linea-corporal","7":"product_cat-clientes","9":"first","10":"instock","11":"shipping-taxable","12":"purchasable","13":"product-type-simple"},"acf":[],"_links":{"self":[{"href":"https:\/\/oskinaestheticscenter.com\/en\/wp-json\/wp\/v2\/product\/988412","targetHints":{"allow":["GET"]}}],"collection":[{"href":"https:\/\/oskinaestheticscenter.com\/en\/wp-json\/wp\/v2\/product"}],"about":[{"href":"https:\/\/oskinaestheticscenter.com\/en\/wp-json\/wp\/v2\/types\/product"}],"version-history":[{"count":5,"href":"https:\/\/oskinaestheticscenter.com\/en\/wp-json\/wp\/v2\/product\/988412\/revisions"}],"predecessor-version":[{"id":989393,"href":"https:\/\/oskinaestheticscenter.com\/en\/wp-json\/wp\/v2\/product\/988412\/revisions\/989393"}],"wp:featuredmedia":[{"embeddable":true,"href":"https:\/\/oskinaestheticscenter.com\/en\/wp-json\/wp\/v2\/media\/988413"}],"wp:attachment":[{"href":"https:\/\/oskinaestheticscenter.com\/en\/wp-json\/wp\/v2\/media?parent=988412"}],"wp:term":[{"taxonomy":"product_cat","embeddable":true,"href":"https:\/\/oskinaestheticscenter.com\/en\/wp-json\/wp\/v2\/product_cat?post=988412"},{"taxonomy":"product_tag","embeddable":true,"href":"https:\/\/oskinaestheticscenter.com\/en\/wp-json\/wp\/v2\/product_tag?post=988412"}],"curies":[{"name":"wp","href":"https:\/\/api.w.org\/{rel}","templated":true}]}}