{"id":988409,"date":"2024-11-28T16:10:58","date_gmt":"2024-11-28T16:10:58","guid":{"rendered":"https:\/\/oskinaestheticscenter.com\/?post_type=product&#038;p=988409"},"modified":"2024-12-03T20:06:46","modified_gmt":"2024-12-03T20:06:46","slug":"fluido-de-cafe-arnica-calendula-17-6-oz","status":"publish","type":"product","link":"https:\/\/oskinaestheticscenter.com\/en\/product\/fluido-de-cafe-arnica-calendula-17-6-oz\/","title":{"rendered":"Fluido de Caf\u00e9, Arnica &#038; Calendula 17.6 oz"},"content":{"rendered":"","protected":false},"excerpt":{"rendered":"<p>Excelente para utilizar despu\u00e9s del exfoliante de caf\u00e9 Losanika para darle a la piel un bronceado uniforme y un aspecto luminoso. Adem\u00e1s, mejora la microcirculaci\u00f3n sangu\u00ednea. Es excelente para tratar la celulitis, las varices y los dolores corporales. Adecuado para procedimientos terap\u00e9uticos, sesiones postoperatorias y masajes de relajaci\u00f3n.<\/p>\n<p>&nbsp;<\/p>\n<p>&nbsp;<\/p>\n<p><a style=\"letter-spacing: var(--vamtam-primary-font-letter-spacing-desktop,normal); text-transform: var(--vamtam-primary-font-transform,none);\" href=\"https:\/\/oskinaestheticscenter.com\/wp-content\/uploads\/2024\/12\/Fluido-de-cafe.png\" target=\"_blank\" rel=\"noopener\"><strong>Descargar Ficha T\u00e9cnica<\/strong><\/a><\/p>","protected":false},"featured_media":988410,"template":"","meta":{"_acf_changed":false},"product_cat":[115,109],"product_tag":[],"class_list":{"0":"post-988409","1":"product","2":"type-product","3":"status-publish","4":"has-post-thumbnail","6":"product_cat-linea-corporal","7":"product_cat-clientes","9":"first","10":"instock","11":"shipping-taxable","12":"purchasable","13":"product-type-simple"},"acf":[],"_links":{"self":[{"href":"https:\/\/oskinaestheticscenter.com\/en\/wp-json\/wp\/v2\/product\/988409","targetHints":{"allow":["GET"]}}],"collection":[{"href":"https:\/\/oskinaestheticscenter.com\/en\/wp-json\/wp\/v2\/product"}],"about":[{"href":"https:\/\/oskinaestheticscenter.com\/en\/wp-json\/wp\/v2\/types\/product"}],"version-history":[{"count":4,"href":"https:\/\/oskinaestheticscenter.com\/en\/wp-json\/wp\/v2\/product\/988409\/revisions"}],"predecessor-version":[{"id":989392,"href":"https:\/\/oskinaestheticscenter.com\/en\/wp-json\/wp\/v2\/product\/988409\/revisions\/989392"}],"wp:featuredmedia":[{"embeddable":true,"href":"https:\/\/oskinaestheticscenter.com\/en\/wp-json\/wp\/v2\/media\/988410"}],"wp:attachment":[{"href":"https:\/\/oskinaestheticscenter.com\/en\/wp-json\/wp\/v2\/media?parent=988409"}],"wp:term":[{"taxonomy":"product_cat","embeddable":true,"href":"https:\/\/oskinaestheticscenter.com\/en\/wp-json\/wp\/v2\/product_cat?post=988409"},{"taxonomy":"product_tag","embeddable":true,"href":"https:\/\/oskinaestheticscenter.com\/en\/wp-json\/wp\/v2\/product_tag?post=988409"}],"curies":[{"name":"wp","href":"https:\/\/api.w.org\/{rel}","templated":true}]}}