{"id":988387,"date":"2024-11-28T15:37:43","date_gmt":"2024-11-28T15:37:43","guid":{"rendered":"https:\/\/oskinaestheticscenter.com\/?post_type=product&#038;p=988387"},"modified":"2024-12-03T19:55:28","modified_gmt":"2024-12-03T19:55:28","slug":"bio-acti-white-serum-aclarador-1-4-oz","status":"publish","type":"product","link":"https:\/\/oskinaestheticscenter.com\/en\/product\/bio-acti-white-serum-aclarador-1-4-oz\/","title":{"rendered":"Bio Acti-White Serum Aclarador 1.4 oz"},"content":{"rendered":"","protected":false},"excerpt":{"rendered":"<div class=\"post-content woocommerce-product-details__short-description\">\n<p>El s\u00e9rum Bio Acti-white presenta un mecanismo innovador y diferente a los agentes aclaradores de la piel tradicionales debido a la actividad sin\u00e9rgica de sus ingredientes Bioactivos que ayudan a atenuar la apariencia de manchas oscuras, manchas de la edad, que unifican e iluminan el tono de la piel en rostro y cuerpo. Tambi\u00e9n se incorpora en su f\u00f3rmula un compuesto especial AH care \u00e1cido l\u00e1ctico + arginina que ayuda a recuperar la microbiota de la piel y potencia el efecto renovador iluminador.<\/p>\n<\/div>\n<p>&nbsp;<\/p>\n<div class=\"post-content woocommerce-product-details__short-description\">\n<p><a style=\"letter-spacing: var(--vamtam-primary-font-letter-spacing-desktop,normal); text-transform: var(--vamtam-primary-font-transform,none);\" href=\"https:\/\/oskinaestheticscenter.com\/wp-content\/uploads\/2024\/12\/Bio-active-white.png\" target=\"_blank\" rel=\"noopener\"><strong>Descargar Ficha T\u00e9cnica<\/strong><\/a><\/p>\n<\/div>","protected":false},"featured_media":988388,"template":"","meta":{"_acf_changed":false},"product_cat":[112,109],"product_tag":[],"class_list":{"0":"post-988387","1":"product","2":"type-product","3":"status-publish","4":"has-post-thumbnail","6":"product_cat-renovadores-despigmentantes","7":"product_cat-clientes","9":"first","10":"instock","11":"shipping-taxable","12":"purchasable","13":"product-type-simple"},"acf":[],"_links":{"self":[{"href":"https:\/\/oskinaestheticscenter.com\/en\/wp-json\/wp\/v2\/product\/988387","targetHints":{"allow":["GET"]}}],"collection":[{"href":"https:\/\/oskinaestheticscenter.com\/en\/wp-json\/wp\/v2\/product"}],"about":[{"href":"https:\/\/oskinaestheticscenter.com\/en\/wp-json\/wp\/v2\/types\/product"}],"version-history":[{"count":6,"href":"https:\/\/oskinaestheticscenter.com\/en\/wp-json\/wp\/v2\/product\/988387\/revisions"}],"predecessor-version":[{"id":989385,"href":"https:\/\/oskinaestheticscenter.com\/en\/wp-json\/wp\/v2\/product\/988387\/revisions\/989385"}],"wp:featuredmedia":[{"embeddable":true,"href":"https:\/\/oskinaestheticscenter.com\/en\/wp-json\/wp\/v2\/media\/988388"}],"wp:attachment":[{"href":"https:\/\/oskinaestheticscenter.com\/en\/wp-json\/wp\/v2\/media?parent=988387"}],"wp:term":[{"taxonomy":"product_cat","embeddable":true,"href":"https:\/\/oskinaestheticscenter.com\/en\/wp-json\/wp\/v2\/product_cat?post=988387"},{"taxonomy":"product_tag","embeddable":true,"href":"https:\/\/oskinaestheticscenter.com\/en\/wp-json\/wp\/v2\/product_tag?post=988387"}],"curies":[{"name":"wp","href":"https:\/\/api.w.org\/{rel}","templated":true}]}}