{"id":988377,"date":"2024-11-28T15:25:15","date_gmt":"2024-11-28T15:25:15","guid":{"rendered":"https:\/\/oskinaestheticscenter.com\/?post_type=product&#038;p=988377"},"modified":"2024-12-03T17:01:12","modified_gmt":"2024-12-03T17:01:12","slug":"suero-multiactive-1-23-oz","status":"publish","type":"product","link":"https:\/\/oskinaestheticscenter.com\/en\/product\/suero-multiactive-1-23-oz\/","title":{"rendered":"Suero Multiactive 1.23 oz"},"content":{"rendered":"","protected":false},"excerpt":{"rendered":"<p>Textura ligera de f\u00e1cil absorci\u00f3n y efecto cuidado final intensivo. Contiene DMAE \u201cBotox Vegetal\u201d y MSM que ayudan a tonificar, reafirmar y elastizar la piel para recuperar el contorno facial. Sinergiza el efecto protector y antioxidante del complejo UVCE y la Niacinamida (B3). Con el poder lip\u00eddico-hidratante del aceite bot\u00e1nico de Buriti y la manteca de karit\u00e9. Su uso diario contrarresta el estr\u00e9s oxidativo provocado por el sol y los factores ambientales adversos, ayuda a unificar el tono de la piel y previene el envejecimiento prematuro.<\/p>\n<p>&nbsp;<\/p>\n<p>&nbsp;<\/p>\n<p><a href=\"https:\/\/oskinaestheticscenter.com\/wp-content\/uploads\/2024\/12\/Multiactive.png\" target=\"_blank\" rel=\"noopener\"><strong>Descargar Ficha T\u00e9cnica<\/strong><\/a><\/p>","protected":false},"featured_media":988378,"template":"","meta":{"_acf_changed":false},"product_cat":[111,109],"product_tag":[],"class_list":{"0":"post-988377","1":"product","2":"type-product","3":"status-publish","4":"has-post-thumbnail","6":"product_cat-linea-facial","7":"product_cat-clientes","9":"first","10":"instock","11":"shipping-taxable","12":"purchasable","13":"product-type-simple"},"acf":[],"_links":{"self":[{"href":"https:\/\/oskinaestheticscenter.com\/en\/wp-json\/wp\/v2\/product\/988377","targetHints":{"allow":["GET"]}}],"collection":[{"href":"https:\/\/oskinaestheticscenter.com\/en\/wp-json\/wp\/v2\/product"}],"about":[{"href":"https:\/\/oskinaestheticscenter.com\/en\/wp-json\/wp\/v2\/types\/product"}],"version-history":[{"count":4,"href":"https:\/\/oskinaestheticscenter.com\/en\/wp-json\/wp\/v2\/product\/988377\/revisions"}],"predecessor-version":[{"id":989376,"href":"https:\/\/oskinaestheticscenter.com\/en\/wp-json\/wp\/v2\/product\/988377\/revisions\/989376"}],"wp:featuredmedia":[{"embeddable":true,"href":"https:\/\/oskinaestheticscenter.com\/en\/wp-json\/wp\/v2\/media\/988378"}],"wp:attachment":[{"href":"https:\/\/oskinaestheticscenter.com\/en\/wp-json\/wp\/v2\/media?parent=988377"}],"wp:term":[{"taxonomy":"product_cat","embeddable":true,"href":"https:\/\/oskinaestheticscenter.com\/en\/wp-json\/wp\/v2\/product_cat?post=988377"},{"taxonomy":"product_tag","embeddable":true,"href":"https:\/\/oskinaestheticscenter.com\/en\/wp-json\/wp\/v2\/product_tag?post=988377"}],"curies":[{"name":"wp","href":"https:\/\/api.w.org\/{rel}","templated":true}]}}