{"id":988374,"date":"2024-11-28T15:21:51","date_gmt":"2024-11-28T15:21:51","guid":{"rendered":"https:\/\/oskinaestheticscenter.com\/?post_type=product&#038;p=988374"},"modified":"2024-12-03T20:58:48","modified_gmt":"2024-12-03T20:58:48","slug":"biogel-aloe-skin-defense-2-1-oz","status":"publish","type":"product","link":"https:\/\/oskinaestheticscenter.com\/en\/product\/biogel-aloe-skin-defense-2-1-oz\/","title":{"rendered":"Biogel Aloe Skin Defense 2.1 oz"},"content":{"rendered":"","protected":false},"excerpt":{"rendered":"<p>Antienvejecimiento. Reafirmante. Redensificante. Formulado con complejo bot\u00e1nico antienzim\u00e1tico, amino\u00e1cidos, extractos bot\u00e1nicos de soja, cal\u00e9ndula y pepino. Ayuda a conservar la firmeza, elasticidad y redefinir el contorno facial. Ayuda a disminuir las agresiones ambientales negativas. Minimiza el deterioro del col\u00e1geno y la elastina proporcionando un fuerte efecto antienvejecimiento.<\/p>\n<p>&nbsp;<\/p>\n<p>&nbsp;<\/p>\n<p><a href=\"https:\/\/oskinaestheticscenter.com\/wp-content\/uploads\/2024\/12\/Biogel-piel-grasa.png\" target=\"_blank\" rel=\"noopener\"><strong>Descargar Ficha T\u00e9cnica<\/strong><\/a><\/p>","protected":false},"featured_media":988375,"template":"","meta":{"_acf_changed":false},"product_cat":[111,109],"product_tag":[],"class_list":{"0":"post-988374","1":"product","2":"type-product","3":"status-publish","4":"has-post-thumbnail","6":"product_cat-linea-facial","7":"product_cat-clientes","9":"first","10":"instock","11":"shipping-taxable","12":"purchasable","13":"product-type-simple"},"acf":[],"_links":{"self":[{"href":"https:\/\/oskinaestheticscenter.com\/en\/wp-json\/wp\/v2\/product\/988374","targetHints":{"allow":["GET"]}}],"collection":[{"href":"https:\/\/oskinaestheticscenter.com\/en\/wp-json\/wp\/v2\/product"}],"about":[{"href":"https:\/\/oskinaestheticscenter.com\/en\/wp-json\/wp\/v2\/types\/product"}],"version-history":[{"count":7,"href":"https:\/\/oskinaestheticscenter.com\/en\/wp-json\/wp\/v2\/product\/988374\/revisions"}],"predecessor-version":[{"id":989423,"href":"https:\/\/oskinaestheticscenter.com\/en\/wp-json\/wp\/v2\/product\/988374\/revisions\/989423"}],"wp:featuredmedia":[{"embeddable":true,"href":"https:\/\/oskinaestheticscenter.com\/en\/wp-json\/wp\/v2\/media\/988375"}],"wp:attachment":[{"href":"https:\/\/oskinaestheticscenter.com\/en\/wp-json\/wp\/v2\/media?parent=988374"}],"wp:term":[{"taxonomy":"product_cat","embeddable":true,"href":"https:\/\/oskinaestheticscenter.com\/en\/wp-json\/wp\/v2\/product_cat?post=988374"},{"taxonomy":"product_tag","embeddable":true,"href":"https:\/\/oskinaestheticscenter.com\/en\/wp-json\/wp\/v2\/product_tag?post=988374"}],"curies":[{"name":"wp","href":"https:\/\/api.w.org\/{rel}","templated":true}]}}