{"id":988365,"date":"2024-11-28T15:03:01","date_gmt":"2024-11-28T15:03:01","guid":{"rendered":"https:\/\/oskinaestheticscenter.com\/?post_type=product&#038;p=988365"},"modified":"2024-12-03T16:54:16","modified_gmt":"2024-12-03T16:54:16","slug":"fitomscarilla-serum-antioxidante-de-vitam-c-e-2-1-oz","status":"publish","type":"product","link":"https:\/\/oskinaestheticscenter.com\/en\/product\/fitomscarilla-serum-antioxidante-de-vitam-c-e-2-1-oz\/","title":{"rendered":"Fitomscarilla Serum Antioxidante de Vitam C-E 2.1 oz"},"content":{"rendered":"","protected":false},"excerpt":{"rendered":"<p>Acci\u00f3n refrescante y desestresante que descansa, hidrata, calma e ilumina al instante. Innovadora tecnolog\u00eda de encapsulaci\u00f3n inteligente \u201cSmart Vector\u201d, que libera su contenido de vitaminas antioxidantes.<\/p>\n<p>&nbsp;<\/p>\n<p>&nbsp;<\/p>\n<p><a href=\"https:\/\/oskinaestheticscenter.com\/wp-content\/uploads\/2024\/11\/Fitomascarilla-vitamina-C.png\" target=\"_blank\" rel=\"noopener\"><strong>Descargar Ficha T\u00e9cnica<\/strong><\/a><\/p>","protected":false},"featured_media":988366,"template":"","meta":{"_acf_changed":false},"product_cat":[111,109],"product_tag":[],"class_list":{"0":"post-988365","1":"product","2":"type-product","3":"status-publish","4":"has-post-thumbnail","6":"product_cat-linea-facial","7":"product_cat-clientes","9":"first","10":"instock","11":"shipping-taxable","12":"purchasable","13":"product-type-simple"},"acf":[],"_links":{"self":[{"href":"https:\/\/oskinaestheticscenter.com\/en\/wp-json\/wp\/v2\/product\/988365","targetHints":{"allow":["GET"]}}],"collection":[{"href":"https:\/\/oskinaestheticscenter.com\/en\/wp-json\/wp\/v2\/product"}],"about":[{"href":"https:\/\/oskinaestheticscenter.com\/en\/wp-json\/wp\/v2\/types\/product"}],"version-history":[{"count":5,"href":"https:\/\/oskinaestheticscenter.com\/en\/wp-json\/wp\/v2\/product\/988365\/revisions"}],"predecessor-version":[{"id":989372,"href":"https:\/\/oskinaestheticscenter.com\/en\/wp-json\/wp\/v2\/product\/988365\/revisions\/989372"}],"wp:featuredmedia":[{"embeddable":true,"href":"https:\/\/oskinaestheticscenter.com\/en\/wp-json\/wp\/v2\/media\/988366"}],"wp:attachment":[{"href":"https:\/\/oskinaestheticscenter.com\/en\/wp-json\/wp\/v2\/media?parent=988365"}],"wp:term":[{"taxonomy":"product_cat","embeddable":true,"href":"https:\/\/oskinaestheticscenter.com\/en\/wp-json\/wp\/v2\/product_cat?post=988365"},{"taxonomy":"product_tag","embeddable":true,"href":"https:\/\/oskinaestheticscenter.com\/en\/wp-json\/wp\/v2\/product_tag?post=988365"}],"curies":[{"name":"wp","href":"https:\/\/api.w.org\/{rel}","templated":true}]}}