{"id":988358,"date":"2024-11-28T14:55:56","date_gmt":"2024-11-28T14:55:56","guid":{"rendered":"https:\/\/oskinaestheticscenter.com\/?post_type=product&#038;p=988358"},"modified":"2024-12-03T16:51:02","modified_gmt":"2024-12-03T16:51:02","slug":"fitomascarilla-coffee-moringa-2-1-oz","status":"publish","type":"product","link":"https:\/\/oskinaestheticscenter.com\/en\/product\/fitomascarilla-coffee-moringa-2-1-oz\/","title":{"rendered":"Fitomascarilla Coffee Moringa 2.1 oz"},"content":{"rendered":"","protected":false},"excerpt":{"rendered":"<p>Contiene un complejo biotecnol\u00f3gico de amino\u00e1cidos, vitaminas B, sales de zinc, extracto de levadura, cal\u00e9ndula y cola de caballo. Mejora la estructura de la piel grasa y forma una pel\u00edcula flexible que disuelve el exceso de grasa endurecida. Elimina eficazmente las impurezas, los puntos negros y afina y reduce el tama\u00f1o de los poros.<\/p>\n<p>&nbsp;<\/p>\n<p>&nbsp;<\/p>\n<p><a href=\"https:\/\/oskinaestheticscenter.com\/wp-content\/uploads\/2024\/11\/Fitomascarilla-Coffee.png\" target=\"_blank\" rel=\"noopener\"><strong>Descargar Ficha T\u00e9cnica<\/strong><\/a><\/p>","protected":false},"featured_media":988360,"template":"","meta":{"_acf_changed":false},"product_cat":[111,109],"product_tag":[],"class_list":{"0":"post-988358","1":"product","2":"type-product","3":"status-publish","4":"has-post-thumbnail","6":"product_cat-linea-facial","7":"product_cat-clientes","9":"first","10":"instock","11":"shipping-taxable","12":"purchasable","13":"product-type-simple"},"acf":[],"_links":{"self":[{"href":"https:\/\/oskinaestheticscenter.com\/en\/wp-json\/wp\/v2\/product\/988358","targetHints":{"allow":["GET"]}}],"collection":[{"href":"https:\/\/oskinaestheticscenter.com\/en\/wp-json\/wp\/v2\/product"}],"about":[{"href":"https:\/\/oskinaestheticscenter.com\/en\/wp-json\/wp\/v2\/types\/product"}],"version-history":[{"count":6,"href":"https:\/\/oskinaestheticscenter.com\/en\/wp-json\/wp\/v2\/product\/988358\/revisions"}],"predecessor-version":[{"id":989370,"href":"https:\/\/oskinaestheticscenter.com\/en\/wp-json\/wp\/v2\/product\/988358\/revisions\/989370"}],"wp:featuredmedia":[{"embeddable":true,"href":"https:\/\/oskinaestheticscenter.com\/en\/wp-json\/wp\/v2\/media\/988360"}],"wp:attachment":[{"href":"https:\/\/oskinaestheticscenter.com\/en\/wp-json\/wp\/v2\/media?parent=988358"}],"wp:term":[{"taxonomy":"product_cat","embeddable":true,"href":"https:\/\/oskinaestheticscenter.com\/en\/wp-json\/wp\/v2\/product_cat?post=988358"},{"taxonomy":"product_tag","embeddable":true,"href":"https:\/\/oskinaestheticscenter.com\/en\/wp-json\/wp\/v2\/product_tag?post=988358"}],"curies":[{"name":"wp","href":"https:\/\/api.w.org\/{rel}","templated":true}]}}