{"id":988354,"date":"2024-11-28T14:38:56","date_gmt":"2024-11-28T14:38:56","guid":{"rendered":"https:\/\/oskinaestheticscenter.com\/?post_type=product&#038;p=988354"},"modified":"2024-12-03T16:50:30","modified_gmt":"2024-12-03T16:50:30","slug":"tonico-equilibrante-e-hidratante-cypress-tea-tree-oil-4-4-oz","status":"publish","type":"product","link":"https:\/\/oskinaestheticscenter.com\/en\/product\/tonico-equilibrante-e-hidratante-cypress-tea-tree-oil-4-4-oz\/","title":{"rendered":"T\u00f3nico Equilibrante e Hidratante Cypress &#038; Tea Tree Oil 4.4 oz"},"content":{"rendered":"","protected":false},"excerpt":{"rendered":"<p>Los beneficios de este t\u00f3nico definitivo son proteger la barrera cut\u00e1nea, calmar y equilibrar. Este incre\u00edble t\u00f3nico dejar\u00e1 una sensaci\u00f3n de renovaci\u00f3n y frescura. Su contenido en isoflavonas de soja, sales de zinc, extractos bot\u00e1nicos de hamamelis, romero, cal\u00e9ndula, manzanilla y una mezcla de aceites esenciales ayudar\u00e1n a reducir el tama\u00f1o de los poros y contrarrestar el proceso de oxidaci\u00f3n de la piel.<\/p>\n<p>&nbsp;<\/p>\n<p>&nbsp;<\/p>\n<p><a href=\"https:\/\/oskinaestheticscenter.com\/wp-content\/uploads\/2024\/11\/Tonico-Cypress.png\" target=\"_blank\" rel=\"noopener\"><strong>Descargar Ficha T\u00e9cnica<\/strong><\/a><\/p>","protected":false},"featured_media":988355,"template":"","meta":{"_acf_changed":false},"product_cat":[111,109],"product_tag":[],"class_list":{"0":"post-988354","1":"product","2":"type-product","3":"status-publish","4":"has-post-thumbnail","6":"product_cat-linea-facial","7":"product_cat-clientes","9":"first","10":"instock","11":"shipping-taxable","12":"purchasable","13":"product-type-simple"},"acf":[],"_links":{"self":[{"href":"https:\/\/oskinaestheticscenter.com\/en\/wp-json\/wp\/v2\/product\/988354","targetHints":{"allow":["GET"]}}],"collection":[{"href":"https:\/\/oskinaestheticscenter.com\/en\/wp-json\/wp\/v2\/product"}],"about":[{"href":"https:\/\/oskinaestheticscenter.com\/en\/wp-json\/wp\/v2\/types\/product"}],"version-history":[{"count":5,"href":"https:\/\/oskinaestheticscenter.com\/en\/wp-json\/wp\/v2\/product\/988354\/revisions"}],"predecessor-version":[{"id":989369,"href":"https:\/\/oskinaestheticscenter.com\/en\/wp-json\/wp\/v2\/product\/988354\/revisions\/989369"}],"wp:featuredmedia":[{"embeddable":true,"href":"https:\/\/oskinaestheticscenter.com\/en\/wp-json\/wp\/v2\/media\/988355"}],"wp:attachment":[{"href":"https:\/\/oskinaestheticscenter.com\/en\/wp-json\/wp\/v2\/media?parent=988354"}],"wp:term":[{"taxonomy":"product_cat","embeddable":true,"href":"https:\/\/oskinaestheticscenter.com\/en\/wp-json\/wp\/v2\/product_cat?post=988354"},{"taxonomy":"product_tag","embeddable":true,"href":"https:\/\/oskinaestheticscenter.com\/en\/wp-json\/wp\/v2\/product_tag?post=988354"}],"curies":[{"name":"wp","href":"https:\/\/api.w.org\/{rel}","templated":true}]}}