{"id":988342,"date":"2024-11-28T14:21:59","date_gmt":"2024-11-28T14:21:59","guid":{"rendered":"https:\/\/oskinaestheticscenter.com\/?post_type=product&#038;p=988342"},"modified":"2024-12-03T16:48:25","modified_gmt":"2024-12-03T16:48:25","slug":"exfoliante-granulos-de-cafe-con-aloe-y-miel","status":"publish","type":"product","link":"https:\/\/oskinaestheticscenter.com\/en\/product\/exfoliante-granulos-de-cafe-con-aloe-y-miel\/","title":{"rendered":"Exfoliante Gr\u00e1nulos de Caf\u00e9 con Aloe y Miel 4.2 oz"},"content":{"rendered":"","protected":false},"excerpt":{"rendered":"<p>Ayuda a aumentar la microcirculaci\u00f3n y estimular la renovaci\u00f3n celular, limpia y abre los poros especialmente para las zonas con problemas de acn\u00e9. Act\u00faa en zonas pigmentadas como codos, rodillas o axilas a juego con el tono de piel.<\/p>\n<p>&nbsp;<\/p>\n<p>&nbsp;<\/p>\n<p><a href=\"https:\/\/oskinaestheticscenter.com\/wp-content\/uploads\/2024\/11\/Exfoliante-de-cafe-aloe-y-miel.png\" target=\"_blank\" rel=\"noopener\"><strong>Descargar Ficha T\u00e9cnica<\/strong><\/a><\/p>","protected":false},"featured_media":988344,"template":"","meta":{"_acf_changed":false},"product_cat":[111,109],"product_tag":[],"class_list":{"0":"post-988342","1":"product","2":"type-product","3":"status-publish","4":"has-post-thumbnail","6":"product_cat-linea-facial","7":"product_cat-clientes","9":"first","10":"instock","11":"shipping-taxable","12":"purchasable","13":"product-type-simple"},"acf":[],"_links":{"self":[{"href":"https:\/\/oskinaestheticscenter.com\/en\/wp-json\/wp\/v2\/product\/988342","targetHints":{"allow":["GET"]}}],"collection":[{"href":"https:\/\/oskinaestheticscenter.com\/en\/wp-json\/wp\/v2\/product"}],"about":[{"href":"https:\/\/oskinaestheticscenter.com\/en\/wp-json\/wp\/v2\/types\/product"}],"version-history":[{"count":7,"href":"https:\/\/oskinaestheticscenter.com\/en\/wp-json\/wp\/v2\/product\/988342\/revisions"}],"predecessor-version":[{"id":989397,"href":"https:\/\/oskinaestheticscenter.com\/en\/wp-json\/wp\/v2\/product\/988342\/revisions\/989397"}],"wp:featuredmedia":[{"embeddable":true,"href":"https:\/\/oskinaestheticscenter.com\/en\/wp-json\/wp\/v2\/media\/988344"}],"wp:attachment":[{"href":"https:\/\/oskinaestheticscenter.com\/en\/wp-json\/wp\/v2\/media?parent=988342"}],"wp:term":[{"taxonomy":"product_cat","embeddable":true,"href":"https:\/\/oskinaestheticscenter.com\/en\/wp-json\/wp\/v2\/product_cat?post=988342"},{"taxonomy":"product_tag","embeddable":true,"href":"https:\/\/oskinaestheticscenter.com\/en\/wp-json\/wp\/v2\/product_tag?post=988342"}],"curies":[{"name":"wp","href":"https:\/\/api.w.org\/{rel}","templated":true}]}}