{"id":988338,"date":"2024-11-28T14:11:16","date_gmt":"2024-11-28T14:11:16","guid":{"rendered":"https:\/\/oskinaestheticscenter.com\/?post_type=product&#038;p=988338"},"modified":"2024-12-03T16:47:17","modified_gmt":"2024-12-03T16:47:17","slug":"limpiadora-humectante-enjuagable-4-6-oz","status":"publish","type":"product","link":"https:\/\/oskinaestheticscenter.com\/en\/product\/limpiadora-humectante-enjuagable-4-6-oz\/","title":{"rendered":"Limpiadora Humectante Enjuagable 4.6 oz"},"content":{"rendered":"","protected":false},"excerpt":{"rendered":"<p>Este limpiador suave y eficaz con enjuague elaborado con extractos bot\u00e1nicos est\u00e1 dise\u00f1ado para limpiar, suavizar y calmar la piel grasa y propensa al acn\u00e9. Los aceites esenciales de lim\u00f3n y lima ayudan a disolver f\u00e1cilmente el exceso de grasa en la piel. Brinda una acci\u00f3n tonificante que refresca y relaja la piel. Su composici\u00f3n rica en miel y aceites esenciales proporciona muchos de los nutrientes y oligoelementos esenciales para mantener la nutrici\u00f3n activa y la retenci\u00f3n de hidrataci\u00f3n mientras se recupera el manto \u00e1cido natural de la piel. Ingredientes activos: Aloe Vera, Miel, Limoncillo, Lim\u00f3n, Bixa Orellana, Cymbopogon, Aceites Esenciales.<\/p>\n<p>&nbsp;<\/p>\n<p>&nbsp;<\/p>\n<p><a href=\"https:\/\/oskinaestheticscenter.com\/wp-content\/uploads\/2024\/11\/Limpiadora-enjuagable.png\" target=\"_blank\" rel=\"noopener\"><strong>Descargar Ficha T\u00e9cnica<\/strong><\/a><\/p>","protected":false},"featured_media":988346,"template":"","meta":{"_acf_changed":false},"product_cat":[111,109],"product_tag":[],"class_list":{"0":"post-988338","1":"product","2":"type-product","3":"status-publish","4":"has-post-thumbnail","6":"product_cat-linea-facial","7":"product_cat-clientes","9":"first","10":"instock","11":"shipping-taxable","12":"purchasable","13":"product-type-simple"},"acf":[],"_links":{"self":[{"href":"https:\/\/oskinaestheticscenter.com\/en\/wp-json\/wp\/v2\/product\/988338","targetHints":{"allow":["GET"]}}],"collection":[{"href":"https:\/\/oskinaestheticscenter.com\/en\/wp-json\/wp\/v2\/product"}],"about":[{"href":"https:\/\/oskinaestheticscenter.com\/en\/wp-json\/wp\/v2\/types\/product"}],"version-history":[{"count":7,"href":"https:\/\/oskinaestheticscenter.com\/en\/wp-json\/wp\/v2\/product\/988338\/revisions"}],"predecessor-version":[{"id":989365,"href":"https:\/\/oskinaestheticscenter.com\/en\/wp-json\/wp\/v2\/product\/988338\/revisions\/989365"}],"wp:featuredmedia":[{"embeddable":true,"href":"https:\/\/oskinaestheticscenter.com\/en\/wp-json\/wp\/v2\/media\/988346"}],"wp:attachment":[{"href":"https:\/\/oskinaestheticscenter.com\/en\/wp-json\/wp\/v2\/media?parent=988338"}],"wp:term":[{"taxonomy":"product_cat","embeddable":true,"href":"https:\/\/oskinaestheticscenter.com\/en\/wp-json\/wp\/v2\/product_cat?post=988338"},{"taxonomy":"product_tag","embeddable":true,"href":"https:\/\/oskinaestheticscenter.com\/en\/wp-json\/wp\/v2\/product_tag?post=988338"}],"curies":[{"name":"wp","href":"https:\/\/api.w.org\/{rel}","templated":true}]}}