{"id":988318,"date":"2024-11-27T21:32:35","date_gmt":"2024-11-27T21:32:35","guid":{"rendered":"https:\/\/oskinaestheticscenter.com\/?post_type=product&#038;p=988318"},"modified":"2024-12-03T16:46:32","modified_gmt":"2024-12-03T16:46:32","slug":"leche-limpiadora","status":"publish","type":"product","link":"https:\/\/oskinaestheticscenter.com\/en\/product\/leche-limpiadora\/","title":{"rendered":"Leche Limpiadora Hidratante 4.2 oz"},"content":{"rendered":"","protected":false},"excerpt":{"rendered":"<p>Esta leche limpiadora definitiva elimina la suciedad y el maquillaje diarios a la vez que proporciona una acci\u00f3n antibacteriana y repara la piel de los radicales libres. Aportada por prop\u00f3leo (mezcla resinosa recogida por las abejas). Su composici\u00f3n rica en miel aporta muchos de los nutrientes y oligoelementos esenciales para mantener activos los mecanismos de atracci\u00f3n y retenci\u00f3n de la humedad. La leche preserva el pH de la piel y evita la p\u00e9rdida de humedad. Tambi\u00e9n contiene una combinaci\u00f3n perfecta de enzimas para nutrir la piel. Recomendado para pieles normales, secas y sensibles para crear una piel radiante y de aspecto m\u00e1s joven. Ingredientes activos: Leche, Miel, Extracto de prop\u00f3leo.<\/p>\n<p>&nbsp;<\/p>\n<p>&nbsp;<\/p>\n<p><a href=\"https:\/\/oskinaestheticscenter.com\/wp-content\/uploads\/2024\/11\/Leche-con-propoleo-y-miel.png\" target=\"_blank\" rel=\"noopener\"><strong>\u00a0Descargar Ficha T\u00e9cnica<\/strong><\/a><\/p>\n<p>&nbsp;<\/p>","protected":false},"featured_media":988347,"template":"","meta":{"_acf_changed":false},"product_cat":[111,109],"product_tag":[],"class_list":{"0":"post-988318","1":"product","2":"type-product","3":"status-publish","4":"has-post-thumbnail","6":"product_cat-linea-facial","7":"product_cat-clientes","9":"first","10":"instock","11":"shipping-taxable","12":"purchasable","13":"product-type-simple"},"acf":[],"_links":{"self":[{"href":"https:\/\/oskinaestheticscenter.com\/en\/wp-json\/wp\/v2\/product\/988318","targetHints":{"allow":["GET"]}}],"collection":[{"href":"https:\/\/oskinaestheticscenter.com\/en\/wp-json\/wp\/v2\/product"}],"about":[{"href":"https:\/\/oskinaestheticscenter.com\/en\/wp-json\/wp\/v2\/types\/product"}],"version-history":[{"count":35,"href":"https:\/\/oskinaestheticscenter.com\/en\/wp-json\/wp\/v2\/product\/988318\/revisions"}],"predecessor-version":[{"id":989364,"href":"https:\/\/oskinaestheticscenter.com\/en\/wp-json\/wp\/v2\/product\/988318\/revisions\/989364"}],"wp:featuredmedia":[{"embeddable":true,"href":"https:\/\/oskinaestheticscenter.com\/en\/wp-json\/wp\/v2\/media\/988347"}],"wp:attachment":[{"href":"https:\/\/oskinaestheticscenter.com\/en\/wp-json\/wp\/v2\/media?parent=988318"}],"wp:term":[{"taxonomy":"product_cat","embeddable":true,"href":"https:\/\/oskinaestheticscenter.com\/en\/wp-json\/wp\/v2\/product_cat?post=988318"},{"taxonomy":"product_tag","embeddable":true,"href":"https:\/\/oskinaestheticscenter.com\/en\/wp-json\/wp\/v2\/product_tag?post=988318"}],"curies":[{"name":"wp","href":"https:\/\/api.w.org\/{rel}","templated":true}]}}