{"id":988139,"date":"2024-11-16T17:24:18","date_gmt":"2024-11-16T17:24:18","guid":{"rendered":"https:\/\/oskinaestheticscenter.com\/?page_id=988139"},"modified":"2024-11-18T18:16:51","modified_gmt":"2024-11-18T18:16:51","slug":"masterclass","status":"publish","type":"page","link":"https:\/\/oskinaestheticscenter.com\/en\/masterclass\/","title":{"rendered":"MasterClass"},"content":{"rendered":"<div data-elementor-type=\"wp-page\" data-elementor-id=\"988139\" class=\"elementor elementor-988139\" data-elementor-post-type=\"page\">\n\t\t\t\t<div class=\"elementor-element elementor-element-69a4757 e-flex e-con-boxed e-con e-parent\" data-id=\"69a4757\" data-element_type=\"container\">\n\t\t\t\t\t<div class=\"e-con-inner\">\n\t\t<div class=\"elementor-element elementor-element-6dfa73d e-con-full e-flex e-con e-child\" data-id=\"6dfa73d\" data-element_type=\"container\">\n\t\t\t\t<div class=\"vamtam-has-theme-widget-styles elementor-element elementor-element-627ad7a elementor-widget elementor-widget-heading\" data-id=\"627ad7a\" data-element_type=\"widget\" data-widget_type=\"heading.default\">\n\t\t\t\t<div class=\"elementor-widget-container\">\n\t\t\t<h2 class=\"elementor-heading-title elementor-size-default\">Nuestras <br>Masterclass<\/h2>\t\t<\/div>\n\t\t\t\t<\/div>\n\t\t\t\t<\/div>\n\t\t<div class=\"elementor-element elementor-element-d84463b e-con-full e-flex e-con e-child\" data-id=\"d84463b\" data-element_type=\"container\">\n\t\t\t\t<div class=\"elementor-element elementor-element-bf6bda7 elementor-widget elementor-widget-text-editor\" data-id=\"bf6bda7\" data-element_type=\"widget\" data-widget_type=\"text-editor.default\">\n\t\t\t\t<div class=\"elementor-widget-container\">\n\t\t\t\t\t\t\t<p>En <strong>O&#8217;Skin Studio<\/strong>, hemos dise\u00f1ado nuestras Masterclass pensando en ti, para que est\u00e9s siempre a la vanguardia en las \u00faltimas tendencias y conocimientos del mundo del cuidado personal y la belleza. <strong>Estas clases exclusivas te brindar\u00e1n herramientas pr\u00e1cticas y actualizadas<\/strong> que potenciar\u00e1n tu experiencia y resultados, ayud\u00e1ndote a llevar tu bienestar y confianza al siguiente nivel.<\/p>\t\t\t\t\t\t<\/div>\n\t\t\t\t<\/div>\n\t\t\t\t<\/div>\n\t\t\t\t\t<\/div>\n\t\t\t\t<\/div>\n\t\t<div class=\"elementor-element elementor-element-dd887b0 e-flex e-con-boxed e-con e-parent\" data-id=\"dd887b0\" data-element_type=\"container\">\n\t\t\t\t\t<div class=\"e-con-inner\">\n\t\t\t\t<div class=\"elementor-element elementor-element-28de646 elementor-widget elementor-widget-shortcode\" data-id=\"28de646\" data-element_type=\"widget\" data-widget_type=\"shortcode.default\">\n\t\t\t\t<div class=\"elementor-widget-container\">\n\t\t\t\t\t<div class=\"elementor-shortcode\"><div class=\"woocommerce columns-4\"><ul class=\"products vamtam-wc columns-4\">\n<li class=\"product type-product post-989486 status-publish first instock product_cat-clientes product_cat-master-class has-post-thumbnail shipping-taxable purchasable product-type-simple\">\n\t<a href=\"https:\/\/oskinaestheticscenter.com\/en\/product\/producto-prueba\/\" class=\"woocommerce-LoopProduct-link woocommerce-loop-product__link\"><img fetchpriority=\"high\" decoding=\"async\" width=\"315\" height=\"315\" src=\"https:\/\/oskinaestheticscenter.com\/wp-content\/uploads\/2022\/02\/model_shine_skin-315x315.webp\" class=\"attachment-woocommerce_thumbnail size-woocommerce_thumbnail\" alt=\"\" srcset=\"https:\/\/oskinaestheticscenter.com\/wp-content\/uploads\/2022\/02\/model_shine_skin-315x315.webp 315w, https:\/\/oskinaestheticscenter.com\/wp-content\/uploads\/2022\/02\/model_shine_skin-150x150.webp 150w, https:\/\/oskinaestheticscenter.com\/wp-content\/uploads\/2022\/02\/model_shine_skin-630x630.webp 630w\" sizes=\"(max-width: 315px) 100vw, 315px\" \/><h2 class=\"woocommerce-loop-product__title\">Producto prueba<\/h2>\n\t<span class=\"price\"><span class=\"woocommerce-Price-amount amount\"><bdi><span class=\"woocommerce-Price-currencySymbol\">&#36;<\/span>0.50<\/bdi><\/span><\/span>\n<\/a><a href=\"?add-to-cart=989486\" aria-describedby=\"woocommerce_loop_add_to_cart_link_describedby_989486\" data-quantity=\"1\" class=\"button product_type_simple add_to_cart_button ajax_add_to_cart\" data-product_id=\"989486\" data-product_sku=\"\" aria-label=\"Add to cart: \u201cProducto prueba\u201d\" rel=\"nofollow\" data-success_message=\"\u201cProducto prueba\u201d has been added to your cart\" data-no-translation=\"\" data-trp-gettext=\"\" data-no-translation-aria-label=\"\" data-no-translation-data-success_message=\"\">Add to cart<\/a>\t<span id=\"woocommerce_loop_add_to_cart_link_describedby_989486\" class=\"screen-reader-text\">\n\t\t\t<\/span>\n<\/li>\n<li class=\"product type-product post-989480 status-publish instock product_cat-clientes product_cat-master-class has-post-thumbnail sale shipping-taxable purchasable product-type-simple\">\n\t<a href=\"https:\/\/oskinaestheticscenter.com\/en\/product\/membresia-dorika-oskin\/\" class=\"woocommerce-LoopProduct-link woocommerce-loop-product__link\">\n\t<span class=\"onsale\" data-no-translation=\"\" data-trp-gettext=\"\">Sale!<\/span>\n\t<img decoding=\"async\" width=\"315\" height=\"315\" src=\"https:\/\/oskinaestheticscenter.com\/wp-content\/uploads\/2024\/12\/oskin_membresia_dorika-315x315.webp\" class=\"attachment-woocommerce_thumbnail size-woocommerce_thumbnail\" alt=\"\" srcset=\"https:\/\/oskinaestheticscenter.com\/wp-content\/uploads\/2024\/12\/oskin_membresia_dorika-315x315.webp 315w, https:\/\/oskinaestheticscenter.com\/wp-content\/uploads\/2024\/12\/oskin_membresia_dorika-300x300.webp 300w, https:\/\/oskinaestheticscenter.com\/wp-content\/uploads\/2024\/12\/oskin_membresia_dorika-1024x1024.webp 1024w, https:\/\/oskinaestheticscenter.com\/wp-content\/uploads\/2024\/12\/oskin_membresia_dorika-150x150.webp 150w, https:\/\/oskinaestheticscenter.com\/wp-content\/uploads\/2024\/12\/oskin_membresia_dorika-768x768.webp 768w, https:\/\/oskinaestheticscenter.com\/wp-content\/uploads\/2024\/12\/oskin_membresia_dorika-1536x1536.webp 1536w, https:\/\/oskinaestheticscenter.com\/wp-content\/uploads\/2024\/12\/oskin_membresia_dorika-2048x2048.webp 2048w, https:\/\/oskinaestheticscenter.com\/wp-content\/uploads\/2024\/12\/oskin_membresia_dorika-630x630.webp 630w, https:\/\/oskinaestheticscenter.com\/wp-content\/uploads\/2024\/12\/oskin_membresia_dorika-1260x1261.webp 1260w\" sizes=\"(max-width: 315px) 100vw, 315px\" \/><h2 class=\"woocommerce-loop-product__title\">Membres\u00eda Dorika-Oskin<\/h2>\n\t<span class=\"price\"><del aria-hidden=\"true\"><span class=\"woocommerce-Price-amount amount\"><bdi><span class=\"woocommerce-Price-currencySymbol\">&#36;<\/span>100.00<\/bdi><\/span><\/del> <span class=\"screen-reader-text\" data-no-translation=\"\" data-trp-gettext=\"\">Original price was: &#036;100.00.<\/span><ins aria-hidden=\"true\"><span class=\"woocommerce-Price-amount amount\"><bdi><span class=\"woocommerce-Price-currencySymbol\">&#36;<\/span>50.00<\/bdi><\/span><\/ins><span class=\"screen-reader-text\" data-no-translation=\"\" data-trp-gettext=\"\">Current price is: &#036;50.00.<\/span><\/span>\n<\/a><a href=\"?add-to-cart=989480\" aria-describedby=\"woocommerce_loop_add_to_cart_link_describedby_989480\" data-quantity=\"1\" class=\"button product_type_simple add_to_cart_button ajax_add_to_cart\" data-product_id=\"989480\" data-product_sku=\"\" aria-label=\"Add to cart: \u201cMembres\u00eda Dorika-Oskin\u201d\" rel=\"nofollow\" data-success_message=\"\u201cMembres\u00eda Dorika-Oskin\u201d has been added to your cart\" data-no-translation=\"\" data-trp-gettext=\"\" data-no-translation-aria-label=\"\" data-no-translation-data-success_message=\"\">Add to cart<\/a>\t<span id=\"woocommerce_loop_add_to_cart_link_describedby_989480\" class=\"screen-reader-text\">\n\t\t\t<\/span>\n<\/li>\n<li class=\"product type-product post-989187 status-publish instock product_cat-clientes product_cat-master-class has-post-thumbnail sale virtual purchasable product-type-simple\">\n\t<a href=\"https:\/\/oskinaestheticscenter.com\/en\/product\/masterclass-cuidados-especificos-de-bionutricion\/\" class=\"woocommerce-LoopProduct-link woocommerce-loop-product__link\">\n\t<span class=\"onsale\" data-no-translation=\"\" data-trp-gettext=\"\">Sale!<\/span>\n\t<img decoding=\"async\" width=\"315\" height=\"315\" src=\"https:\/\/oskinaestheticscenter.com\/wp-content\/uploads\/2024\/11\/cursos_bionutricion-315x315.webp\" class=\"attachment-woocommerce_thumbnail size-woocommerce_thumbnail\" alt=\"\" srcset=\"https:\/\/oskinaestheticscenter.com\/wp-content\/uploads\/2024\/11\/cursos_bionutricion-315x315.webp 315w, https:\/\/oskinaestheticscenter.com\/wp-content\/uploads\/2024\/11\/cursos_bionutricion-300x300.webp 300w, https:\/\/oskinaestheticscenter.com\/wp-content\/uploads\/2024\/11\/cursos_bionutricion-150x150.webp 150w, https:\/\/oskinaestheticscenter.com\/wp-content\/uploads\/2024\/11\/cursos_bionutricion-768x768.webp 768w, https:\/\/oskinaestheticscenter.com\/wp-content\/uploads\/2024\/11\/cursos_bionutricion-630x630.webp 630w, https:\/\/oskinaestheticscenter.com\/wp-content\/uploads\/2024\/11\/cursos_bionutricion.webp 1001w\" sizes=\"(max-width: 315px) 100vw, 315px\" \/><h2 class=\"woocommerce-loop-product__title\">Masterclass &#8220;Cuidados Espec\u00edficos de Bionutrici\u00f3n&#8221;<\/h2>\n\t<span class=\"price\"><del aria-hidden=\"true\"><span class=\"woocommerce-Price-amount amount\"><bdi><span class=\"woocommerce-Price-currencySymbol\">&#36;<\/span>49.99<\/bdi><\/span><\/del> <span class=\"screen-reader-text\" data-no-translation=\"\" data-trp-gettext=\"\">Original price was: &#036;49.99.<\/span><ins aria-hidden=\"true\"><span class=\"woocommerce-Price-amount amount\"><bdi><span class=\"woocommerce-Price-currencySymbol\">&#36;<\/span>39.99<\/bdi><\/span><\/ins><span class=\"screen-reader-text\" data-no-translation=\"\" data-trp-gettext=\"\">Current price is: &#036;39.99.<\/span><\/span>\n<\/a><a href=\"?add-to-cart=989187\" aria-describedby=\"woocommerce_loop_add_to_cart_link_describedby_989187\" data-quantity=\"1\" class=\"button product_type_simple add_to_cart_button ajax_add_to_cart\" data-product_id=\"989187\" data-product_sku=\"\" aria-label=\"Add to cart: \u201cMasterclass &quot;Cuidados Espec\u00edficos de Bionutrici\u00f3n&quot;\u201d\" rel=\"nofollow\" data-success_message=\"\u201cMasterclass &quot;Cuidados Espec\u00edficos de Bionutrici\u00f3n&quot;\u201d has been added to your cart\" data-no-translation=\"\" data-trp-gettext=\"\" data-no-translation-aria-label=\"\" data-no-translation-data-success_message=\"\">Add to cart<\/a>\t<span id=\"woocommerce_loop_add_to_cart_link_describedby_989187\" class=\"screen-reader-text\">\n\t\t\t<\/span>\n<\/li>\n<\/ul>\n<\/div><\/div>\n\t\t\t\t<\/div>\n\t\t\t\t<\/div>\n\t\t\t\t\t<\/div>\n\t\t\t\t<\/div>\n\t\t\t\t<\/div>","protected":false},"excerpt":{"rendered":"<p>Nuestras Masterclass En O&#8217;Skin Studio, hemos dise\u00f1ado nuestras Masterclass pensando en ti, para que est\u00e9s siempre a la vanguardia en las \u00faltimas tendencias y conocimientos del mundo del cuidado personal y la belleza. Estas clases exclusivas te brindar\u00e1n herramientas pr\u00e1cticas y actualizadas que potenciar\u00e1n tu experiencia y resultados, ayud\u00e1ndote a llevar tu bienestar y confianza&#8230;<\/p>","protected":false},"author":1,"featured_media":0,"parent":0,"menu_order":0,"comment_status":"closed","ping_status":"closed","template":"elementor_header_footer","meta":{"_acf_changed":false,"footnotes":""},"class_list":["post-988139","page","type-page","status-publish","hentry"],"acf":[],"_links":{"self":[{"href":"https:\/\/oskinaestheticscenter.com\/en\/wp-json\/wp\/v2\/pages\/988139","targetHints":{"allow":["GET"]}}],"collection":[{"href":"https:\/\/oskinaestheticscenter.com\/en\/wp-json\/wp\/v2\/pages"}],"about":[{"href":"https:\/\/oskinaestheticscenter.com\/en\/wp-json\/wp\/v2\/types\/page"}],"author":[{"embeddable":true,"href":"https:\/\/oskinaestheticscenter.com\/en\/wp-json\/wp\/v2\/users\/1"}],"replies":[{"embeddable":true,"href":"https:\/\/oskinaestheticscenter.com\/en\/wp-json\/wp\/v2\/comments?post=988139"}],"version-history":[{"count":10,"href":"https:\/\/oskinaestheticscenter.com\/en\/wp-json\/wp\/v2\/pages\/988139\/revisions"}],"predecessor-version":[{"id":988222,"href":"https:\/\/oskinaestheticscenter.com\/en\/wp-json\/wp\/v2\/pages\/988139\/revisions\/988222"}],"wp:attachment":[{"href":"https:\/\/oskinaestheticscenter.com\/en\/wp-json\/wp\/v2\/media?parent=988139"}],"curies":[{"name":"wp","href":"https:\/\/api.w.org\/{rel}","templated":true}]}}