{"id":988061,"date":"2024-11-16T00:16:37","date_gmt":"2024-11-16T00:16:37","guid":{"rendered":"https:\/\/oskinaestheticscenter.com\/?page_id=988061"},"modified":"2024-11-16T00:21:29","modified_gmt":"2024-11-16T00:21:29","slug":"terminos-y-condiciones","status":"publish","type":"page","link":"https:\/\/oskinaestheticscenter.com\/en\/terminos-y-condiciones\/","title":{"rendered":"T\u00e9rminos y condiciones"},"content":{"rendered":"<div data-elementor-type=\"wp-page\" data-elementor-id=\"988061\" class=\"elementor elementor-988061\" data-elementor-post-type=\"page\">\n\t\t\t\t\t\t<section class=\"elementor-section elementor-top-section elementor-element elementor-element-8c6d3f9 elementor-section-boxed elementor-section-height-default elementor-section-height-default\" data-id=\"8c6d3f9\" data-element_type=\"section\">\n\t\t\t\t\t\t<div class=\"elementor-container elementor-column-gap-no\">\n\t\t\t\t\t<div class=\"elementor-column elementor-col-100 elementor-top-column elementor-element elementor-element-0cbe596\" data-id=\"0cbe596\" data-element_type=\"column\" data-settings=\"{&quot;motion_fx_motion_fx_scrolling&quot;:&quot;yes&quot;,&quot;motion_fx_translateY_effect&quot;:&quot;yes&quot;,&quot;motion_fx_translateY_speed&quot;:{&quot;unit&quot;:&quot;px&quot;,&quot;size&quot;:2,&quot;sizes&quot;:[]},&quot;motion_fx_devices&quot;:[&quot;desktop&quot;],&quot;motion_fx_translateY_affectedRange&quot;:{&quot;unit&quot;:&quot;%&quot;,&quot;size&quot;:&quot;&quot;,&quot;sizes&quot;:{&quot;start&quot;:0,&quot;end&quot;:100}}}\">\n\t\t\t<div class=\"elementor-widget-wrap elementor-element-populated\">\n\t\t\t\t\t\t<div class=\"elementor-element elementor-element-0db1f51 elementor-invisible elementor-widget elementor-widget-text-editor\" data-id=\"0db1f51\" data-element_type=\"widget\" data-settings=\"{&quot;_animation&quot;:&quot;fadeInDown&quot;,&quot;_animation_tablet&quot;:&quot;none&quot;,&quot;_animation_delay&quot;:300}\" data-widget_type=\"text-editor.default\">\n\t\t\t\t<div class=\"elementor-widget-container\">\n\t\t\t\t\t\t\t<h1>T\u00e9rminos y\u00a0 <span style=\"color: #ff6a00;\">~<\/span><\/h1>\t\t\t\t\t\t<\/div>\n\t\t\t\t<\/div>\n\t\t\t\t<div class=\"vamtam-has-theme-widget-styles elementor-element elementor-element-52bd12a elementor-invisible elementor-widget elementor-widget-heading\" data-id=\"52bd12a\" data-element_type=\"widget\" data-settings=\"{&quot;_animation&quot;:&quot;fadeInUp&quot;,&quot;_animation_tablet&quot;:&quot;none&quot;,&quot;_animation_delay&quot;:400}\" data-widget_type=\"heading.default\">\n\t\t\t\t<div class=\"elementor-widget-container\">\n\t\t\t<h1 class=\"elementor-heading-title elementor-size-default\">condiciones<\/h1>\t\t<\/div>\n\t\t\t\t<\/div>\n\t\t\t\t\t<\/div>\n\t\t<\/div>\n\t\t\t\t\t<\/div>\n\t\t<\/section>\n\t\t\t\t<section class=\"elementor-section elementor-top-section elementor-element elementor-element-19d4234d elementor-section-boxed elementor-section-height-default elementor-section-height-default\" data-id=\"19d4234d\" data-element_type=\"section\">\n\t\t\t\t\t\t<div class=\"elementor-container elementor-column-gap-no\">\n\t\t\t\t\t<div class=\"elementor-column elementor-col-100 elementor-top-column elementor-element elementor-element-61be5499\" data-id=\"61be5499\" data-element_type=\"column\">\n\t\t\t<div class=\"elementor-widget-wrap elementor-element-populated\">\n\t\t\t\t\t\t<div class=\"elementor-element elementor-element-2f1aaee5 elementor-widget elementor-widget-text-editor\" data-id=\"2f1aaee5\" data-element_type=\"widget\" data-widget_type=\"text-editor.default\">\n\t\t\t\t<div class=\"elementor-widget-container\">\n\t\t\t\t\t\t\t<!-- wp:paragraph -->\n<h3><strong>Resumen<\/strong><\/h3>\n<p>En <strong>O&#8217;Skin Studio<\/strong>, queremos asegurarnos de que est\u00e9s completamente satisfecho con tu compra. Por ello, ofrecemos una pol\u00edtica de devoluciones y reembolsos v\u00e1lida por 30 d\u00edas a partir de la fecha de compra. Si han pasado m\u00e1s de 30 d\u00edas, lamentablemente no podemos ofrecerte un reembolso completo ni un cambio.<\/p>\n<p><strong>Condiciones para la devoluci\u00f3n:<\/strong><\/p>\n<ul>\n<li>El producto debe estar sin usar, en su estado original y en el empaque en el que lo recibiste.<\/li>\n<li>No aceptamos devoluciones de productos abiertos que no presenten defectos de fabricaci\u00f3n.<\/li>\n<li>Los productos \u00edntimos, de higiene personal y promocionales no son elegibles para devoluci\u00f3n.<\/li>\n<\/ul>\n<p><strong>Art\u00edculos adicionales no retornables:<\/strong><\/p>\n<ul>\n<li>Tarjetas de regalo.<\/li>\n<li>Productos abiertos o da\u00f1ados sin defectos de fabricaci\u00f3n.<\/li>\n<\/ul>\n<p>Para completar tu devoluci\u00f3n, requerimos un recibo o prueba de compra.<br \/><strong>Por favor, no env\u00edes tu compra directamente al fabricante.<\/strong><\/p>\n<hr \/>\n<h3><strong>Reembolsos<\/strong><\/h3>\n<p>Una vez que recibamos e inspeccionemos tu devoluci\u00f3n, te notificaremos por correo electr\u00f3nico que hemos recibido el producto. Tambi\u00e9n te informaremos sobre la aprobaci\u00f3n o rechazo del reembolso.<\/p>\n<p>Si tu reembolso es aprobado, se procesar\u00e1 y se acreditar\u00e1 autom\u00e1ticamente a tu tarjeta de cr\u00e9dito o m\u00e9todo de pago original en un plazo de unos d\u00edas h\u00e1biles.<\/p>\n<p><strong>Reembolsos tard\u00edos o faltantes:<\/strong><br \/>Si a\u00fan no has recibido tu reembolso:<\/p>\n<ol>\n<li>Verifica nuevamente tu cuenta bancaria.<\/li>\n<li>Comun\u00edcate con tu compa\u00f1\u00eda de tarjeta de cr\u00e9dito, ya que puede tardar un tiempo antes de que el reembolso se refleje oficialmente.<\/li>\n<li>Consulta con tu banco, ya que a menudo hay tiempos de procesamiento adicionales.<\/li>\n<\/ol>\n<p>Si has realizado todos estos pasos y a\u00fan no has recibido tu reembolso, cont\u00e1ctanos a {Direcci\u00f3n de correo electr\u00f3nico}.<\/p>\n<hr \/>\n<h3><strong>Art\u00edculos en oferta<\/strong><\/h3>\n<p>Solo los art\u00edculos a precio regular pueden ser reembolsados. Los art\u00edculos en oferta no son elegibles para reembolso.<\/p>\n<hr \/>\n<h3><strong>Cambios<\/strong><\/h3>\n<p>Reemplazamos art\u00edculos \u00fanicamente si est\u00e1n defectuosos o da\u00f1ados. Si necesitas cambiarlo por el mismo art\u00edculo, env\u00edanos un correo electr\u00f3nico a {Direcci\u00f3n de correo electr\u00f3nico} y env\u00eda el producto a: {Direcci\u00f3n f\u00edsica}.<\/p>\n<hr \/>\n<h3><strong>Regalos<\/strong><\/h3>\n<p>Si el producto fue marcado como regalo al momento de la compra y se te envi\u00f3 directamente, recibir\u00e1s un cr\u00e9dito por el valor del art\u00edculo devuelto. Una vez que recibamos el producto devuelto, te enviaremos un certificado de regalo.<\/p>\n<p>Si el art\u00edculo no fue marcado como regalo o el comprador lo envi\u00f3 primero a s\u00ed mismo para entreg\u00e1rtelo posteriormente, emitiremos un reembolso al comprador y este ser\u00e1 informado sobre la devoluci\u00f3n.<\/p>\n<hr \/>\n<h3><strong>Devoluciones de productos<\/strong><\/h3>\n<p>Para devolver un producto, env\u00edalo a:<br \/><strong>{Direcci\u00f3n f\u00edsica}<\/strong><\/p>\n<p><strong>Gastos de env\u00edo:<\/strong><\/p>\n<ul>\n<li>Ser\u00e1s responsable de pagar los costos de env\u00edo para devolver tu art\u00edculo.<\/li>\n<li>Los costos de env\u00edo no son reembolsables. Si recibes un reembolso, el costo del env\u00edo de devoluci\u00f3n ser\u00e1 deducido del mismo.<\/li>\n<\/ul>\n<p>Dependiendo de tu ubicaci\u00f3n, el tiempo que tarde en llegar el producto intercambiado puede variar.<\/p>\n<p><strong>Recomendaciones:<\/strong><br \/>Si est\u00e1s devolviendo un art\u00edculo costoso, considera usar un servicio de env\u00edo rastreable o adquirir un seguro de env\u00edo. No garantizamos la recepci\u00f3n de tu art\u00edculo devuelto sin un m\u00e9todo rastreable.<\/p>\n<hr \/>\n<h3><strong>\u00bfNecesitas ayuda?<\/strong><\/h3>\n<p>Si tienes preguntas relacionadas con devoluciones y reembolsos, no dudes en contactarnos en {Direcci\u00f3n de correo electr\u00f3nico}. Estamos aqu\u00ed para ayudarte.<\/p>\n<hr \/>\n<p>Gracias por confiar en <strong>O&#8217;Skin Studio<\/strong>. Tu satisfacci\u00f3n es nuestra prioridad.<\/p>\n<!-- \/wp:paragraph -->\t\t\t\t\t\t<\/div>\n\t\t\t\t<\/div>\n\t\t\t\t\t<\/div>\n\t\t<\/div>\n\t\t\t\t\t<\/div>\n\t\t<\/section>\n\t\t\t\t<\/div>","protected":false},"excerpt":{"rendered":"<p>T\u00e9rminos y\u00a0 ~ condiciones Resumen En O&#8217;Skin Studio, queremos asegurarnos de que est\u00e9s completamente satisfecho con tu compra. Por ello, ofrecemos una pol\u00edtica de devoluciones y reembolsos v\u00e1lida por 30 d\u00edas a partir de la fecha de compra. Si han pasado m\u00e1s de 30 d\u00edas, lamentablemente no podemos ofrecerte un reembolso completo ni un cambio&#8230;.<\/p>","protected":false},"author":1,"featured_media":0,"parent":0,"menu_order":0,"comment_status":"closed","ping_status":"closed","template":"","meta":{"_acf_changed":false,"footnotes":""},"class_list":["post-988061","page","type-page","status-publish","hentry"],"acf":[],"_links":{"self":[{"href":"https:\/\/oskinaestheticscenter.com\/en\/wp-json\/wp\/v2\/pages\/988061","targetHints":{"allow":["GET"]}}],"collection":[{"href":"https:\/\/oskinaestheticscenter.com\/en\/wp-json\/wp\/v2\/pages"}],"about":[{"href":"https:\/\/oskinaestheticscenter.com\/en\/wp-json\/wp\/v2\/types\/page"}],"author":[{"embeddable":true,"href":"https:\/\/oskinaestheticscenter.com\/en\/wp-json\/wp\/v2\/users\/1"}],"replies":[{"embeddable":true,"href":"https:\/\/oskinaestheticscenter.com\/en\/wp-json\/wp\/v2\/comments?post=988061"}],"version-history":[{"count":4,"href":"https:\/\/oskinaestheticscenter.com\/en\/wp-json\/wp\/v2\/pages\/988061\/revisions"}],"predecessor-version":[{"id":988066,"href":"https:\/\/oskinaestheticscenter.com\/en\/wp-json\/wp\/v2\/pages\/988061\/revisions\/988066"}],"wp:attachment":[{"href":"https:\/\/oskinaestheticscenter.com\/en\/wp-json\/wp\/v2\/media?parent=988061"}],"curies":[{"name":"wp","href":"https:\/\/api.w.org\/{rel}","templated":true}]}}