{"id":503,"date":"2021-08-01T16:06:48","date_gmt":"2021-08-01T16:06:48","guid":{"rendered":"https:\/\/jolie.vamtam.com\/?page_id=503"},"modified":"2024-11-16T00:09:18","modified_gmt":"2024-11-16T00:09:18","slug":"return-cancellations","status":"publish","type":"page","link":"https:\/\/oskinaestheticscenter.com\/en\/return-cancellations\/","title":{"rendered":"Return &#038; Cancellations"},"content":{"rendered":"<div data-elementor-type=\"wp-page\" data-elementor-id=\"503\" class=\"elementor elementor-503\" data-elementor-post-type=\"page\">\n\t\t\t\t\t\t<section class=\"elementor-section elementor-top-section elementor-element elementor-element-21b4b1e elementor-section-boxed elementor-section-height-default elementor-section-height-default\" data-id=\"21b4b1e\" data-element_type=\"section\">\n\t\t\t\t\t\t<div class=\"elementor-container elementor-column-gap-no\">\n\t\t\t\t\t<div class=\"elementor-column elementor-col-100 elementor-top-column elementor-element elementor-element-d3b56b7\" data-id=\"d3b56b7\" data-element_type=\"column\" data-settings=\"{&quot;motion_fx_motion_fx_scrolling&quot;:&quot;yes&quot;,&quot;motion_fx_translateY_effect&quot;:&quot;yes&quot;,&quot;motion_fx_translateY_speed&quot;:{&quot;unit&quot;:&quot;px&quot;,&quot;size&quot;:2,&quot;sizes&quot;:[]},&quot;motion_fx_devices&quot;:[&quot;desktop&quot;],&quot;motion_fx_translateY_affectedRange&quot;:{&quot;unit&quot;:&quot;%&quot;,&quot;size&quot;:&quot;&quot;,&quot;sizes&quot;:{&quot;start&quot;:0,&quot;end&quot;:100}}}\">\n\t\t\t<div class=\"elementor-widget-wrap elementor-element-populated\">\n\t\t\t\t\t\t<div class=\"elementor-element elementor-element-097f27f elementor-invisible elementor-widget elementor-widget-text-editor\" data-id=\"097f27f\" data-element_type=\"widget\" data-settings=\"{&quot;_animation&quot;:&quot;fadeInDown&quot;,&quot;_animation_tablet&quot;:&quot;none&quot;,&quot;_animation_delay&quot;:300}\" data-widget_type=\"text-editor.default\">\n\t\t\t\t<div class=\"elementor-widget-container\">\n\t\t\t\t\t\t\t<h1>Devoluciones <span style=\"color: #ff6a00;\">~<\/span><\/h1>\t\t\t\t\t\t<\/div>\n\t\t\t\t<\/div>\n\t\t\t\t<div class=\"vamtam-has-theme-widget-styles elementor-element elementor-element-fb21a24 elementor-invisible elementor-widget elementor-widget-heading\" data-id=\"fb21a24\" data-element_type=\"widget\" data-settings=\"{&quot;_animation&quot;:&quot;fadeInUp&quot;,&quot;_animation_tablet&quot;:&quot;none&quot;,&quot;_animation_delay&quot;:400}\" data-widget_type=\"heading.default\">\n\t\t\t\t<div class=\"elementor-widget-container\">\n\t\t\t<h1 class=\"elementor-heading-title elementor-size-default\">y cancelaciones<\/h1>\t\t<\/div>\n\t\t\t\t<\/div>\n\t\t\t\t\t<\/div>\n\t\t<\/div>\n\t\t\t\t\t<\/div>\n\t\t<\/section>\n\t\t\t\t<section class=\"elementor-section elementor-top-section elementor-element elementor-element-ead5a63 elementor-section-boxed elementor-section-height-default elementor-section-height-default\" data-id=\"ead5a63\" data-element_type=\"section\">\n\t\t\t\t\t\t<div class=\"elementor-container elementor-column-gap-no\">\n\t\t\t\t\t<div class=\"elementor-column elementor-col-100 elementor-top-column elementor-element elementor-element-fc458dd\" data-id=\"fc458dd\" data-element_type=\"column\">\n\t\t\t<div class=\"elementor-widget-wrap elementor-element-populated\">\n\t\t\t\t\t\t<div class=\"vamtam-has-theme-widget-styles elementor-element elementor-element-d542ad8 elementor-widget elementor-widget-heading\" data-id=\"d542ad8\" data-element_type=\"widget\" data-widget_type=\"heading.default\">\n\t\t\t\t<div class=\"elementor-widget-container\">\n\t\t\t<h4 class=\"elementor-heading-title elementor-size-default\">Para pedidos dentro de los EE. UU.<\/h4>\t\t<\/div>\n\t\t\t\t<\/div>\n\t\t\t\t<div class=\"elementor-element elementor-element-5fd8838 elementor-widget elementor-widget-text-editor\" data-id=\"5fd8838\" data-element_type=\"widget\" data-widget_type=\"text-editor.default\">\n\t\t\t\t<div class=\"elementor-widget-container\">\n\t\t\t\t\t\t\t<p><strong>\u00bfNo te encant\u00f3? Devu\u00e9lvelo.<\/strong><\/p><p>Si no est\u00e1s completamente satisfecho con tu compra en BiteBeauty.com, puedes devolverla o cambiarla sin costo alguno (sin tarifas de env\u00edo o manejo) dentro de los 60 d\u00edas posteriores a la compra. Procesaremos tu devoluci\u00f3n tan pronto como la recibamos por el monto de la compra menos los gastos de env\u00edo originales. Ten en cuenta que puede tomar hasta 10 d\u00edas h\u00e1biles para que el reembolso se refleje en tu cuenta.<\/p><ul><li><p>Cuando devuelvas tu compra a BiteBeauty.com por correo dentro de los 60 d\u00edas posteriores a la fecha de compra, recibir\u00e1s un reembolso completo en tu m\u00e9todo de pago original por el precio de los art\u00edculos.<\/p><\/li><li><p>Desafortunadamente, no podemos aceptar devoluciones ni emitir reembolsos despu\u00e9s de 60 d\u00edas.<\/p><\/li><\/ul>\t\t\t\t\t\t<\/div>\n\t\t\t\t<\/div>\n\t\t\t\t\t<\/div>\n\t\t<\/div>\n\t\t\t\t\t<\/div>\n\t\t<\/section>\n\t\t\t\t<section class=\"elementor-section elementor-top-section elementor-element elementor-element-d58ab9b elementor-section-boxed elementor-section-height-default elementor-section-height-default\" data-id=\"d58ab9b\" data-element_type=\"section\">\n\t\t\t\t\t\t<div class=\"elementor-container elementor-column-gap-no\">\n\t\t\t\t\t<div class=\"elementor-column elementor-col-100 elementor-top-column elementor-element elementor-element-cecfd2d\" data-id=\"cecfd2d\" data-element_type=\"column\">\n\t\t\t<div class=\"elementor-widget-wrap elementor-element-populated\">\n\t\t\t\t\t\t<div class=\"vamtam-has-theme-widget-styles elementor-element elementor-element-9da43f0 elementor-widget elementor-widget-heading\" data-id=\"9da43f0\" data-element_type=\"widget\" data-widget_type=\"heading.default\">\n\t\t\t\t<div class=\"elementor-widget-container\">\n\t\t\t<h4 class=\"elementor-heading-title elementor-size-default\">As\u00ed es como puedes devolver o cambiar tu (s) productos (s):<\/h4>\t\t<\/div>\n\t\t\t\t<\/div>\n\t\t\t\t<div class=\"elementor-element elementor-element-f302614 elementor-widget elementor-widget-text-editor\" data-id=\"f302614\" data-element_type=\"widget\" data-widget_type=\"text-editor.default\">\n\t\t\t\t<div class=\"elementor-widget-container\">\n\t\t\t\t\t\t\t<p>escr\u00edbenos y cu\u00e9ntanos por qu\u00e9 no cumpli\u00f3 tus expectativas. Estamos aqu\u00ed para ayudarte con el proceso de devoluci\u00f3n o cambio y asegurarnos de que encuentres algo que te encante. \u00a1Tu satisfacci\u00f3n es nuestra prioridad!<\/p>\t\t\t\t\t\t<\/div>\n\t\t\t\t<\/div>\n\t\t\t\t\t<\/div>\n\t\t<\/div>\n\t\t\t\t\t<\/div>\n\t\t<\/section>\n\t\t\t\t<section class=\"elementor-section elementor-top-section elementor-element elementor-element-ea66a9a elementor-section-boxed elementor-section-height-default elementor-section-height-default\" data-id=\"ea66a9a\" data-element_type=\"section\">\n\t\t\t\t\t\t<div class=\"elementor-container elementor-column-gap-no\">\n\t\t\t\t\t<div class=\"elementor-column elementor-col-100 elementor-top-column elementor-element elementor-element-ffb105b\" data-id=\"ffb105b\" data-element_type=\"column\">\n\t\t\t<div class=\"elementor-widget-wrap elementor-element-populated\">\n\t\t\t\t\t\t<div class=\"vamtam-has-theme-widget-styles elementor-element elementor-element-a4d8dd6 elementor-widget elementor-widget-heading\" data-id=\"a4d8dd6\" data-element_type=\"widget\" data-widget_type=\"heading.default\">\n\t\t\t\t<div class=\"elementor-widget-container\">\n\t\t\t<h4 class=\"elementor-heading-title elementor-size-default\">Env\u00eda tus devoluciones a:<\/h4>\t\t<\/div>\n\t\t\t\t<\/div>\n\t\t\t\t<div class=\"elementor-element elementor-element-5981280 elementor-widget elementor-widget-text-editor\" data-id=\"5981280\" data-element_type=\"widget\" data-widget_type=\"text-editor.default\">\n\t\t\t\t<div class=\"elementor-widget-container\">\n\t\t\t\t\t\t\t<p>3117 30th Ave, Astoria, NY 11102<br \/>Horarios de atenci\u00f3n: Lunes a viernes : 09:00 am a 5:00 pm<\/p>\t\t\t\t\t\t<\/div>\n\t\t\t\t<\/div>\n\t\t\t\t\t<\/div>\n\t\t<\/div>\n\t\t\t\t\t<\/div>\n\t\t<\/section>\n\t\t\t\t<section class=\"elementor-section elementor-top-section elementor-element elementor-element-50f0e5d elementor-section-boxed elementor-section-height-default elementor-section-height-default\" data-id=\"50f0e5d\" data-element_type=\"section\">\n\t\t\t\t\t\t<div class=\"elementor-container elementor-column-gap-no\">\n\t\t\t\t\t<div class=\"elementor-column elementor-col-100 elementor-top-column elementor-element elementor-element-effe5f3\" data-id=\"effe5f3\" data-element_type=\"column\">\n\t\t\t<div class=\"elementor-widget-wrap elementor-element-populated\">\n\t\t\t\t\t\t<div class=\"vamtam-has-theme-widget-styles elementor-element elementor-element-ae13382 elementor-widget elementor-widget-heading\" data-id=\"ae13382\" data-element_type=\"widget\" data-widget_type=\"heading.default\">\n\t\t\t\t<div class=\"elementor-widget-container\">\n\t\t\t<h4 class=\"elementor-heading-title elementor-size-default\">Para pedidos internacionales<\/h4>\t\t<\/div>\n\t\t\t\t<\/div>\n\t\t\t\t<div class=\"elementor-element elementor-element-0d755c9 elementor-widget elementor-widget-text-editor\" data-id=\"0d755c9\" data-element_type=\"widget\" data-widget_type=\"text-editor.default\">\n\t\t\t\t<div class=\"elementor-widget-container\">\n\t\t\t\t\t\t\t<p>Desafortunadamente, no podemos ofrecer cambios de mercanc\u00eda en pedidos enviados internacionalmente. Solo est\u00e1 disponible el reembolso a la forma de pago original.<\/p><p>Si no est\u00e1s completamente satisfecho con tu compra en BiteBeauty.com, puedes devolverla dentro de los 10 d\u00edas posteriores a la compra. Procesaremos tu devoluci\u00f3n tan pronto como la recibamos, por el monto de la compra menos los gastos de env\u00edo originales y cualquier tarifa adicional. En casos especiales, si devuelves una compra, es posible que seas elegible para un reembolso parcial o total de los aranceles e impuestos a trav\u00e9s de tu oficina de aduanas local. Comun\u00edcate directamente con esa oficina para obtener detalles. Ten en cuenta que el cr\u00e9dito puede tardar hasta 60 d\u00edas h\u00e1biles en reflejarse en tu cuenta.<\/p>\t\t\t\t\t\t<\/div>\n\t\t\t\t<\/div>\n\t\t\t\t\t<\/div>\n\t\t<\/div>\n\t\t\t\t\t<\/div>\n\t\t<\/section>\n\t\t\t\t<\/div>","protected":false},"excerpt":{"rendered":"<p>Devoluciones ~ y cancelaciones Para pedidos dentro de los EE. UU. \u00bfNo te encant\u00f3? Devu\u00e9lvelo. Si no est\u00e1s completamente satisfecho con tu compra en BiteBeauty.com, puedes devolverla o cambiarla sin costo alguno (sin tarifas de env\u00edo o manejo) dentro de los 60 d\u00edas posteriores a la compra. Procesaremos tu devoluci\u00f3n tan pronto como la recibamos&#8230;<\/p>","protected":false},"author":1,"featured_media":3174,"parent":0,"menu_order":0,"comment_status":"closed","ping_status":"closed","template":"","meta":{"_acf_changed":false,"footnotes":""},"class_list":["post-503","page","type-page","status-publish","has-post-thumbnail","hentry"],"acf":[],"_links":{"self":[{"href":"https:\/\/oskinaestheticscenter.com\/en\/wp-json\/wp\/v2\/pages\/503","targetHints":{"allow":["GET"]}}],"collection":[{"href":"https:\/\/oskinaestheticscenter.com\/en\/wp-json\/wp\/v2\/pages"}],"about":[{"href":"https:\/\/oskinaestheticscenter.com\/en\/wp-json\/wp\/v2\/types\/page"}],"author":[{"embeddable":true,"href":"https:\/\/oskinaestheticscenter.com\/en\/wp-json\/wp\/v2\/users\/1"}],"replies":[{"embeddable":true,"href":"https:\/\/oskinaestheticscenter.com\/en\/wp-json\/wp\/v2\/comments?post=503"}],"version-history":[{"count":3,"href":"https:\/\/oskinaestheticscenter.com\/en\/wp-json\/wp\/v2\/pages\/503\/revisions"}],"predecessor-version":[{"id":988054,"href":"https:\/\/oskinaestheticscenter.com\/en\/wp-json\/wp\/v2\/pages\/503\/revisions\/988054"}],"wp:featuredmedia":[{"embeddable":true,"href":"https:\/\/oskinaestheticscenter.com\/en\/wp-json\/wp\/v2\/media\/3174"}],"wp:attachment":[{"href":"https:\/\/oskinaestheticscenter.com\/en\/wp-json\/wp\/v2\/media?parent=503"}],"curies":[{"name":"wp","href":"https:\/\/api.w.org\/{rel}","templated":true}]}}